{"id":8416,"date":"2024-05-07T18:18:58","date_gmt":"2024-05-07T18:18:58","guid":{"rendered":"https:\/\/lupus.treefrog.dev\/product\/epinglette-papillon-lupus-canada\/"},"modified":"2024-05-09T15:53:31","modified_gmt":"2024-05-09T15:53:31","slug":"epinglette-papillon-lupus-canada","status":"publish","type":"product","link":"https:\/\/www.lupuscanada.org\/fr\/produit\/epinglette-papillon-lupus-canada\/","title":{"rendered":"\u00c9pinglette papillon Lupus Canada"},"content":{"rendered":"<p>C\u00e9l\u00e9brez la force et sensibilisez les gens avec notre \u00e9pinglette papillon Lupus Canada magnifiquement con\u00e7ue. Cette \u00e9l\u00e9gante \u00e9pinglette pr\u00e9sente un contour argent\u00e9 \u00e9l\u00e9gant rempli d\u2019un \u00e9mail violet doux qui repr\u00e9sente le symbole de la conscience du lupus. Petit mais percutant, cet accessoire est parfait pour montrer son soutien et sa solidarit\u00e9. Qu\u2019il soit \u00e9pingl\u00e9 sur un revers, une \u00e9charpe ou un sac, il rappelle doucement le courage et la r\u00e9silience des personnes touch\u00e9es par le lupus. Id\u00e9al pour les \u00e9v\u00e9nements, les collectes de fonds ou \u00e0 porter au quotidien, ce pin\u2019s est un accessoire significatif pour tous ceux qui soutiennent cette cause importante.<\/p>\n","protected":false},"excerpt":{"rendered":"<p>C\u00e9l\u00e9brez la force et sensibilisez les gens avec notre \u00e9pinglette papillon Lupus Canada magnifiquement con\u00e7ue. Cette \u00e9l\u00e9gante \u00e9pinglette pr\u00e9sente un contour argent\u00e9 \u00e9l\u00e9gant rempli d\u2019un \u00e9mail violet doux qui repr\u00e9sente le symbole de la conscience du lupus. Petit mais percutant, cet accessoire est parfait pour montrer son soutien et sa solidarit\u00e9. Qu\u2019il soit \u00e9pingl\u00e9 sur [&hellip;]<\/p>\n","protected":false},"featured_media":8368,"template":"","meta":{"_acf_changed":false,"_et_pb_use_builder":"on","_et_pb_old_content":"","_et_gb_content_width":""},"product_brand":[],"product_cat":[97],"product_tag":[],"class_list":{"0":"post-8416","1":"product","2":"type-product","3":"status-publish","4":"has-post-thumbnail","6":"product_label-unisex-fr","7":"product_cat-accessoires","9":"first","10":"instock","11":"purchasable","12":"product-type-simple","13":"berocket_lgv_grid","14":"berocket_lgv_list_grid"},"acf":[],"_links":{"self":[{"href":"https:\/\/www.lupuscanada.org\/fr\/wp-json\/wp\/v2\/product\/8416","targetHints":{"allow":["GET"]}}],"collection":[{"href":"https:\/\/www.lupuscanada.org\/fr\/wp-json\/wp\/v2\/product"}],"about":[{"href":"https:\/\/www.lupuscanada.org\/fr\/wp-json\/wp\/v2\/types\/product"}],"wp:featuredmedia":[{"embeddable":true,"href":"https:\/\/www.lupuscanada.org\/fr\/wp-json\/wp\/v2\/media\/8368"}],"wp:attachment":[{"href":"https:\/\/www.lupuscanada.org\/fr\/wp-json\/wp\/v2\/media?parent=8416"}],"wp:term":[{"taxonomy":"product_brand","embeddable":true,"href":"https:\/\/www.lupuscanada.org\/fr\/wp-json\/wp\/v2\/product_brand?post=8416"},{"taxonomy":"product_cat","embeddable":true,"href":"https:\/\/www.lupuscanada.org\/fr\/wp-json\/wp\/v2\/product_cat?post=8416"},{"taxonomy":"product_tag","embeddable":true,"href":"https:\/\/www.lupuscanada.org\/fr\/wp-json\/wp\/v2\/product_tag?post=8416"}],"curies":[{"name":"wp","href":"https:\/\/api.w.org\/{rel}","templated":true}]}}