{"id":6660,"date":"2024-03-22T13:26:05","date_gmt":"2024-03-22T13:26:05","guid":{"rendered":"https:\/\/lupus.treefrog.dev\/product\/broche-de-sensibilisation-au-lupus\/"},"modified":"2025-12-01T13:03:34","modified_gmt":"2025-12-01T13:03:34","slug":"broche-de-sensibilisation-au-lupus","status":"publish","type":"product","link":"https:\/\/www.lupuscanada.org\/fr\/produit\/broche-de-sensibilisation-au-lupus\/","title":{"rendered":"Broche de sensibilisation au lupus"},"content":{"rendered":"<p>Montrez que vous vous souciez de vous avec cette \u00e9l\u00e9gante \u00e9pingle violette de sensibilisation au lupus, mesurant 2 cm x 2,5 cm, la couleur officielle de la sensibilisation au lupus. Cette \u00e9pinglette magnifiquement con\u00e7ue montre non seulement votre soutien, mais aide \u00e9galement \u00e0 sensibiliser le public et \u00e0 recueillir des fonds pour le travail crucial de Lupus Canada.<\/p>\n","protected":false},"excerpt":{"rendered":"<p>Montrez que vous vous souciez de vous avec cette \u00e9l\u00e9gante \u00e9pingle violette de sensibilisation au lupus, mesurant 2 cm x 2,5 cm, la couleur officielle de la sensibilisation au lupus. Cette \u00e9pinglette magnifiquement con\u00e7ue montre non seulement votre soutien, mais aide \u00e9galement \u00e0 sensibiliser le public et \u00e0 recueillir des fonds pour le travail crucial de Lupus Canada.<\/p>\n","protected":false},"featured_media":5993,"template":"","meta":{"_acf_changed":false,"_et_pb_use_builder":"","_et_pb_old_content":"","_et_gb_content_width":""},"product_brand":[],"product_cat":[97],"product_tag":[],"class_list":{"0":"post-6660","1":"product","2":"type-product","3":"status-publish","4":"has-post-thumbnail","6":"product_label-unisex-fr","7":"product_cat-accessoires","9":"first","10":"instock","11":"purchasable","12":"product-type-simple","13":"berocket_lgv_grid","14":"berocket_lgv_list_grid"},"acf":[],"_links":{"self":[{"href":"https:\/\/www.lupuscanada.org\/fr\/wp-json\/wp\/v2\/product\/6660","targetHints":{"allow":["GET"]}}],"collection":[{"href":"https:\/\/www.lupuscanada.org\/fr\/wp-json\/wp\/v2\/product"}],"about":[{"href":"https:\/\/www.lupuscanada.org\/fr\/wp-json\/wp\/v2\/types\/product"}],"wp:featuredmedia":[{"embeddable":true,"href":"https:\/\/www.lupuscanada.org\/fr\/wp-json\/wp\/v2\/media\/5993"}],"wp:attachment":[{"href":"https:\/\/www.lupuscanada.org\/fr\/wp-json\/wp\/v2\/media?parent=6660"}],"wp:term":[{"taxonomy":"product_brand","embeddable":true,"href":"https:\/\/www.lupuscanada.org\/fr\/wp-json\/wp\/v2\/product_brand?post=6660"},{"taxonomy":"product_cat","embeddable":true,"href":"https:\/\/www.lupuscanada.org\/fr\/wp-json\/wp\/v2\/product_cat?post=6660"},{"taxonomy":"product_tag","embeddable":true,"href":"https:\/\/www.lupuscanada.org\/fr\/wp-json\/wp\/v2\/product_tag?post=6660"}],"curies":[{"name":"wp","href":"https:\/\/api.w.org\/{rel}","templated":true}]}}