{"id":6349,"date":"2024-03-28T11:35:36","date_gmt":"2024-03-28T11:35:36","guid":{"rendered":"https:\/\/lupus.treefrog.dev\/tout-sur-le-lupus-centre-de-ressources\/"},"modified":"2025-05-01T16:46:38","modified_gmt":"2025-05-01T16:46:38","slug":"tout-sur-le-lupus-centre-de-ressources","status":"publish","type":"page","link":"https:\/\/www.lupuscanada.org\/fr\/tout-sur-le-lupus-centre-de-ressources\/","title":{"rendered":"Centre de ressources sur le lupus | Soutien et outils pour Lupus Canada"},"content":{"rendered":"","protected":false},"excerpt":{"rendered":"<p>Acc\u00e9dez \u00e0 ce centre de ressources sur le lupus con\u00e7u pour les patients, les familles, les d\u00e9fenseurs et les prestataires de soins de sant\u00e9. Explorez les outils \u00e9ducatifs, les guides de soutien et les campagnes de sensibilisation. <\/p>\n","protected":false},"author":1,"featured_media":0,"parent":0,"menu_order":0,"comment_status":"closed","ping_status":"closed","template":"page-templates\/template-all-posts.php","meta":{"_acf_changed":false,"_et_pb_use_builder":"on","_et_pb_old_content":"","_et_gb_content_width":"","footnotes":""},"class_list":["post-6349","page","type-page","status-publish","hentry"],"acf":[],"_links":{"self":[{"href":"https:\/\/www.lupuscanada.org\/fr\/wp-json\/wp\/v2\/pages\/6349","targetHints":{"allow":["GET"]}}],"collection":[{"href":"https:\/\/www.lupuscanada.org\/fr\/wp-json\/wp\/v2\/pages"}],"about":[{"href":"https:\/\/www.lupuscanada.org\/fr\/wp-json\/wp\/v2\/types\/page"}],"author":[{"embeddable":true,"href":"https:\/\/www.lupuscanada.org\/fr\/wp-json\/wp\/v2\/users\/1"}],"replies":[{"embeddable":true,"href":"https:\/\/www.lupuscanada.org\/fr\/wp-json\/wp\/v2\/comments?post=6349"}],"version-history":[{"count":0,"href":"https:\/\/www.lupuscanada.org\/fr\/wp-json\/wp\/v2\/pages\/6349\/revisions"}],"wp:attachment":[{"href":"https:\/\/www.lupuscanada.org\/fr\/wp-json\/wp\/v2\/media?parent=6349"}],"curies":[{"name":"wp","href":"https:\/\/api.w.org\/{rel}","templated":true}]}}